{"id":639,"date":"2023-02-01T19:01:36","date_gmt":"2023-02-01T18:01:36","guid":{"rendered":"https:\/\/jvs.preview.uptoyou.de\/?page_id=639"},"modified":"2023-03-23T10:22:31","modified_gmt":"2023-03-23T09:22:31","slug":"attitude","status":"publish","type":"page","link":"https:\/\/www.vomstein-consulting.de\/de\/attitude\/","title":{"rendered":"Einstellung"},"content":{"rendered":"\n\n\t\t\t\t<a href=\"\/\" target=\"_self\" itemprop=\"url\" rel=\"noopener\">\n\t\t\t\t<img decoding=\"async\" src=\"https:\/\/www.vomstein-coaching.de\/wp-content\/uploads\/2022\/11\/Logo.png\" alt=\"Logo\" itemprop=\"image\" title=\"Logo\" onerror=\"this.style.display='none'\"  \/>\n\t\t\t\t<\/a>\n<h3>\n\t\t\u201eNACHDENKEN IST GUT, <br \/>VORDENKEN IST BESSER.&#8220;\n\t<\/h3>\n\t<p>Vordenken bedeutet f\u00fcr uns mit offener Reflexion, klarer Zielsetzung und effektiver Umsetzung notwendige Entwicklungen in Fahrt zu bringen.<\/p>\n<p>Dazu m\u00f6chten wir Ihre spezifische Herausforderungen genau verstehen, gemeinsam mit Ihnen die Entwicklungsziele definieren, L\u00f6sungen erarbeiten und Ihre Umsetzung unterst\u00fctzen und begleiten.<\/p>\n<h2>\n\t\tARBEITSBEREICHE\n\t<\/h2>\n\t\t\t <p>Ist-Analyse, Zieldefinition, Konzeptentwicklung und Implementierung von Ma\u00dfnahmen und Programmen zur erfolgreichen Bew\u00e4ltigung neuer komplexer Herausforderungen und\u00a0Ver\u00e4nderungssituationen f\u00fcr F\u00fchrungskr\u00e4fte, Teams und Organisationen.<\/p>\t\t\n\t\t\t <p>Impulsgeber, Coach und Ressource f\u00fcr Begleitung, Moderation und Umsetzung von geeigneten Entwicklungsma\u00dfnahmen und -prozessen.<\/p>\t\t\n\t\t\t <p>Optimierungsbegleitung\u00a0f\u00fcr zentrale Unternehmensfunktionen wie Unternehmensf\u00fchrung, \u00a0Team- und Abteilungsleitung, Medizin, Vertrieb und Marketing.<\/p>\t\t\n\t\t\t <p>Integrierte Einzel- und Team Coaching-Prozesse,\u00a0Fieldtrainings und praxisbezogene Workshops.<\/p>\t\t\n\t<h2>\n\t\tSPEZIFISCHE<br \/>KUNDENL\u00d6SUNGEN\n\t<\/h2>\n\t\t\t <p>\u201eSind die Segel noch richtig gesetzt?&#8220;<br \/>Die Standortbestimmung und Re-Justierung von Zielen,\u00a0Strategieoptionen und Handlungspriorit\u00e4ten.<\/p>\t\t\n\t\t\t <p>\u201eWie kann sich unser Team neu finden,\u00a0strukturieren und den Fokus st\u00e4rken?&#8220;<\/p>\t\t\n\t\t\t <p>\u201eWie entwickeln wir unsere Teams und die Organisation\u00a0weiter und erzielen mehr Effektivit\u00e4t durch Umsetzung\u00a0einer kundenzentrierten Strategie?&#8220;<\/p>\t\t\n\t\t\t <p>\u201eWie st\u00e4rken wir unsere Ver\u00e4nderungsf\u00e4higkeit und Agilit\u00e4t im\u00a0Umgang mit komplexen Herausforderungen und Ver\u00e4nderungen?&#8220;<\/p>\t\t\n\t\t\t <p>\u201eVerf\u00fcgen wir \u00fcber die richtige F\u00fchrungskultur\u00a0und optimale F\u00fchrungskr\u00e4fte f\u00fcr die Mitarbeiter\u00a0und die zuk\u00fcnftigen Herausforderungen?&#8220;<\/p>\t\t\n\t\t\t\t<a href=\"#tophead\" target=\"_self\" itemprop=\"url\" rel=\"noopener\">\n\t\t\t\t<img loading=\"lazy\" decoding=\"async\" src=\"https:\/\/www.vomstein-consulting.de\/wp-content\/uploads\/2023\/02\/top.png\" alt=\"top\" itemprop=\"image\" height=\"69\" width=\"68\" title=\"top\" onerror=\"this.style.display='none'\"  \/>\n\t\t\t\t<\/a>\n\t<p>\u00a9 2023 VOM STEIN CONSULTING<\/p>\n\t<p><a href=\"\/impressum\">Impressum<\/a> \u00a0 \u00a0 <a href=\"\/datenschutz\">Datenschutz<\/a><\/p>\n\n","protected":false},"excerpt":{"rendered":"<p>\u201eNACHDENKEN IST GUT, VORDENKEN IST BESSER.&#8220; Vordenken bedeutet f\u00fcr uns mit offener Reflexion, klarer Zielsetzung und effektiver Umsetzung notwendige Entwicklungen in Fahrt zu bringen. Dazu m\u00f6chten wir Ihre spezifische Herausforderungen genau verstehen, gemeinsam mit Ihnen die Entwicklungsziele definieren, L\u00f6sungen erarbeiten und Ihre Umsetzung unterst\u00fctzen und begleiten. ARBEITSBEREICHE Ist-Analyse, Zieldefinition, Konzeptentwicklung und Implementierung von Ma\u00dfnahmen und [&hellip;]<\/p>\n","protected":false},"author":1,"featured_media":0,"parent":0,"menu_order":0,"comment_status":"closed","ping_status":"closed","template":"","meta":{"footnotes":""},"class_list":["post-639","page","type-page","status-publish","hentry"],"_links":{"self":[{"href":"https:\/\/www.vomstein-consulting.de\/de\/wp-json\/wp\/v2\/pages\/639","targetHints":{"allow":["GET"]}}],"collection":[{"href":"https:\/\/www.vomstein-consulting.de\/de\/wp-json\/wp\/v2\/pages"}],"about":[{"href":"https:\/\/www.vomstein-consulting.de\/de\/wp-json\/wp\/v2\/types\/page"}],"author":[{"embeddable":true,"href":"https:\/\/www.vomstein-consulting.de\/de\/wp-json\/wp\/v2\/users\/1"}],"replies":[{"embeddable":true,"href":"https:\/\/www.vomstein-consulting.de\/de\/wp-json\/wp\/v2\/comments?post=639"}],"version-history":[{"count":35,"href":"https:\/\/www.vomstein-consulting.de\/de\/wp-json\/wp\/v2\/pages\/639\/revisions"}],"predecessor-version":[{"id":916,"href":"https:\/\/www.vomstein-consulting.de\/de\/wp-json\/wp\/v2\/pages\/639\/revisions\/916"}],"wp:attachment":[{"href":"https:\/\/www.vomstein-consulting.de\/de\/wp-json\/wp\/v2\/media?parent=639"}],"curies":[{"name":"wp","href":"https:\/\/api.w.org\/{rel}","templated":true}]}}