{"id":654,"date":"2023-02-03T13:42:02","date_gmt":"2023-02-03T12:42:02","guid":{"rendered":"https:\/\/jvs.preview.uptoyou.de\/?page_id=654"},"modified":"2023-03-21T13:52:28","modified_gmt":"2023-03-21T12:52:28","slug":"expertise","status":"publish","type":"page","link":"https:\/\/www.vomstein-consulting.de\/de\/expertise\/","title":{"rendered":"Erfahrung"},"content":{"rendered":"\n\n\t\t\t\t<a href=\"\/\" target=\"_self\" itemprop=\"url\" rel=\"noopener\">\n\t\t\t\t<img decoding=\"async\" src=\"https:\/\/www.vomstein-coaching.de\/wp-content\/uploads\/2022\/11\/Logo.png\" alt=\"Logo\" itemprop=\"image\" title=\"Logo\" onerror=\"this.style.display='none'\"  \/>\n\t\t\t\t<\/a>\n\t<p><strong>DR. J\u00d6RG VOM STEIN<\/strong> ist Jahrgang 1959, Biologe und hat einen PhD in Molekularbiologie. J\u00f6rg vom Stein hat \u00fcber 20 Jahre F\u00fchrungs- und Managementerfahrung in Unternehmen der Life Sciences- und HealthCare Industrie. Es war unter anderem \u00fcber 15 Jahre Dozent und Senior Associate des \u201eManagement Center Europe&#8220; in Br\u00fcssel und erwarb umfangreiche Business- und Markterfahrung in Diagnostik, klinischer und akademischer Forschung sowie in Pharma-, Biotechnologie- und Medizintechnik-M\u00e4rkten. J\u00f6rg vom Stein gr\u00fcndete VOM STEIN Consulting 2005 zun\u00e4chst als Kooperationspartner in einem Expertennetzwerk.<\/p>\n<h2>\n\t\tPROJEKTE\n\t<\/h2>\n\tTypische Projekte, die wir f\u00fcr unsere Kunden entwickelt, begleitet<br \/>\nund deren Implementierung wir unterst\u00fctzt haben.\n\t\t\t <p>Effektive Kooperation und Strategieumsetzung\u00a0zwischen R&amp;D, Marketing und Vertrieb.<\/p>\t\t\n\t\t\t <p>Effektives Kundenmehrwertbasierendes Key Account Management.<\/p>\t\t\n\t\t\t <p>Entwicklung, Fokussierung und Strukturierung\u00a0eines neuen Leitungsteams und einer zielorientierten F\u00fchrungskultur.<\/p>\t\t\n\t\t\t <p>Integrierte nachhaltige Marketing- und Kommunikationsplanung.<\/p>\t\t\n\t\t\t <p>Kompetenzen, Strategien und L\u00f6sungsans\u00e4tze\u00a0f\u00fcr sehr komplexe Herausforderungen und Unternehmensver\u00e4nderungen.<\/p>\t\t\n\t\t\t <p>Marktsegment &amp; Stakeholder-Analyse\u00a0und davon abgeleitete Vertriebs- und Marketingstrategien.<\/p>\t\t\n\t\t\t <p>Optimierung der Organisationsstruktur und\u00a0der zentralen Gesch\u00e4ftsprozesse.<\/p>\t\t\n\t\t\t <p>St\u00e4rkung und Einf\u00fchrung\u00a0einheitlicher F\u00fchrungskompetenzen und neuer F\u00fchrungsinstrumente.<\/p>\t\t\n\t\t\t <p>Transformation einer F&amp;E fokussierten Organisation in ein kommerzielles Unternehmen.<\/p>\t\t\n\t\t\t <p>Umsetzung einer Kundenmehrwert zentrierten Marketing- und Vertriebsstrategie.<\/p>\t\t\n\t\t\t <p>Value-based-Healthcare in der Praxis:\u00a0von &#8222;One-face-to-customer&#8220; to &#8222;Right-face-to-customer&#8220;.<\/p>\t\t\n\t<h2>\n\t\tREFERENZEN\n\t<\/h2>\n\t<p><strong>Abbott Molecular Diagnostics<\/strong><\/p>\n<strong>Actelion<\/strong><br \/>\n(a Johnson &amp; Johnson company)\n<p><strong>Agendia<\/strong><\/p>\n<p><strong>Aliaxis<\/strong><\/p>\n<p><strong>Baxter<\/strong><\/p>\n<p><strong>Bayer Schering Pharma<\/strong><\/p>\n<p><strong>Becton Dickingson<\/strong><\/p>\n<p><strong>Boehringer Ingelheim<\/strong><\/p>\n<strong>Celera<\/strong><br \/>\n(a Quest Diagnostics company)\n<strong>Dako<\/strong><br \/>\n(an Agilent company)\n<p><strong>European Bottled Watercooler Association<\/strong><\/p>\n<p><strong>Exact Sciences<\/strong><\/p>\n<p><strong>Ferring Pharmaceuticals<\/strong><\/p>\n<p><strong>Fresenius Medical Care<\/strong><\/p>\n<strong>Genomic Health<\/strong><br \/>\n(an Exact Sciences company)\n<p>&nbsp;<\/p>\n<p>&nbsp;<\/p>\n<p>&nbsp;<\/p>\n<p>&nbsp;<\/p>\n\t<p><strong>Gilson<\/strong><\/p>\n<strong>Janssen Pharmaceutika<\/strong><br \/>\n(now a Johnson &amp; Johnson company)\n<p><strong>Jenovation<\/strong><\/p>\n<p><strong>Mepha<\/strong><\/p>\n<p><strong>Merck-Serono<\/strong><\/p>\n<p><strong>Moderna<\/strong><\/p>\n<p><strong>Molecular Health<\/strong><\/p>\n<p><strong>Mundipharma<\/strong><\/p>\n<p><strong>Pfizer<\/strong><\/p>\n<p><strong>Qiagen<\/strong><\/p>\n<p><strong>Shire \/ Takeda<\/strong><\/p>\n<p><strong>Sirs-Lab<\/strong><\/p>\n<p><strong>St. Jude Medical<\/strong><\/p>\n<p><strong>Stallrgenes<\/strong><\/p>\n<p><strong>Stryker Neurvascular<\/strong><\/p>\n<p><strong>TuTech Innovation<\/strong><\/p>\n<p><strong>&#8230;<\/strong><\/p>\n<p>&nbsp;<\/p>\n<p>&nbsp;<\/p>\n\t\t\t\t<a href=\"#tophead\" target=\"_self\" itemprop=\"url\" rel=\"noopener\">\n\t\t\t\t<img loading=\"lazy\" decoding=\"async\" src=\"https:\/\/www.vomstein-consulting.de\/wp-content\/uploads\/2023\/02\/top.png\" alt=\"top\" itemprop=\"image\" height=\"69\" width=\"68\" title=\"top\" onerror=\"this.style.display='none'\"  \/>\n\t\t\t\t<\/a>\n\t<p>\u00a9 2023 VOM STEIN CONSULTING<\/p>\n\t<p><a href=\"\/impressum\">Impressum<\/a> \u00a0 \u00a0 <a href=\"\/datenschutz\">Datenschutz<\/a><\/p>\n\n","protected":false},"excerpt":{"rendered":"<p>DR. J\u00d6RG VOM STEIN ist Jahrgang 1959, Biologe und hat einen PhD in Molekularbiologie. J\u00f6rg vom Stein hat \u00fcber 20 Jahre F\u00fchrungs- und Managementerfahrung in Unternehmen der Life Sciences- und HealthCare Industrie. Es war unter anderem \u00fcber 15 Jahre Dozent und Senior Associate des \u201eManagement Center Europe&#8220; in Br\u00fcssel und erwarb umfangreiche Business- und Markterfahrung [&hellip;]<\/p>\n","protected":false},"author":1,"featured_media":0,"parent":0,"menu_order":0,"comment_status":"closed","ping_status":"closed","template":"","meta":{"footnotes":""},"class_list":["post-654","page","type-page","status-publish","hentry"],"_links":{"self":[{"href":"https:\/\/www.vomstein-consulting.de\/de\/wp-json\/wp\/v2\/pages\/654","targetHints":{"allow":["GET"]}}],"collection":[{"href":"https:\/\/www.vomstein-consulting.de\/de\/wp-json\/wp\/v2\/pages"}],"about":[{"href":"https:\/\/www.vomstein-consulting.de\/de\/wp-json\/wp\/v2\/types\/page"}],"author":[{"embeddable":true,"href":"https:\/\/www.vomstein-consulting.de\/de\/wp-json\/wp\/v2\/users\/1"}],"replies":[{"embeddable":true,"href":"https:\/\/www.vomstein-consulting.de\/de\/wp-json\/wp\/v2\/comments?post=654"}],"version-history":[{"count":42,"href":"https:\/\/www.vomstein-consulting.de\/de\/wp-json\/wp\/v2\/pages\/654\/revisions"}],"predecessor-version":[{"id":902,"href":"https:\/\/www.vomstein-consulting.de\/de\/wp-json\/wp\/v2\/pages\/654\/revisions\/902"}],"wp:attachment":[{"href":"https:\/\/www.vomstein-consulting.de\/de\/wp-json\/wp\/v2\/media?parent=654"}],"curies":[{"name":"wp","href":"https:\/\/api.w.org\/{rel}","templated":true}]}}