{"id":281,"date":"2022-11-19T17:32:10","date_gmt":"2022-11-19T16:32:10","guid":{"rendered":"https:\/\/cvs.hosting.iwanowitsch.net\/?page_id=281"},"modified":"2025-02-07T14:40:13","modified_gmt":"2025-02-07T13:40:13","slug":"home","status":"publish","type":"page","link":"https:\/\/www.vomstein-consulting.de\/en\/","title":{"rendered":"Home"},"content":{"rendered":"<a href=\"\/en\/\" target=\"_self\" itemprop=\"url\" rel=\"noopener\">\r\n\t\t\t\t<img decoding=\"async\" src=\"https:\/\/www.vomstein-coaching.de\/wp-content\/uploads\/2022\/11\/Logo.png\" alt=\"Logo\" itemprop=\"image\" title=\"Logo\" onerror=\"this.style.display='none'\"  \/>\r\n\t\t\t\t<\/a>\r\n\t\t\t<img decoding=\"async\" loading='false' src=\"https:\/\/www.vomstein-consulting.de\/wp-content\/uploads\/2023\/01\/StartBGSlide-1.jpg\" alt=\"\" \/>\t\t\t\r\n\t\t\t\t<!-- HALTUNG --><br \/>\r\n<!-- PUNKT 1 -->\r\n<a href=\"#\" data-cooltipz-size=\"large\" aria-label=\"&quot;Are the sails still set right?&quot;\" data-cooltipz-dir=\"top\"><img decoding=\"async\" src=\"\/wp-content\/uploads\/2022\/11\/punkt.png\" \/><\/a>\r\n<p><!-- PUNKT 2 --><\/p>\r\n<a href=\"#\" data-cooltipz-size=\"large\" aria-label=\"&quot;How can our team regroup, restructure and strengthen focus?&quot;\" data-cooltipz-dir=\"top\"><img decoding=\"async\" src=\"\/wp-content\/uploads\/2022\/11\/punkt.png\" \/><\/a>\r\n<p><!-- PUNKT 3 --><\/p>\r\n<a href=\"#\" data-cooltipz-size=\"large\" aria-label=\"&quot;How do we achieve more impact by implementing a customer-centric strategy and organization.&quot;\" data-cooltipz-dir=\"top\"><img decoding=\"async\" src=\"\/wp-content\/uploads\/2022\/11\/punkt.png\" \/><\/a>\r\n<p><!-- PUNKT 4 --><\/p>\r\n<a href=\"#\" data-cooltipz-size=\"large\" aria-label=\"&quot;Do we have the right leadership culture and optimally conditioned leaders for future challenges?&quot;\" data-cooltipz-dir=\"top\"><img decoding=\"async\" src=\"\/wp-content\/uploads\/2022\/11\/punkt.png\" \/><\/a>\r\n<p><!-- PUNKT 5 --><\/p>\r\n<a href=\"#\" data-cooltipz-size=\"large\" aria-label=\"&quot;How do we develop our teams and the organization?\" data-cooltipz-dir=\"top\"><img decoding=\"async\" src=\"\/wp-content\/uploads\/2022\/11\/punkt.png\" \/><\/a>\r\n<p><!-- PUNKT 6 --><\/p>\r\n<a href=\"#\" data-cooltipz-size=\"large\" aria-label=\"&quot;How do we strengthen our capacity for change and agility in dealing with complex challenges and changes?&quot;\" data-cooltipz-dir=\"top\"><img decoding=\"async\" src=\"\/wp-content\/uploads\/2022\/11\/punkt.png\" \/><\/a>\r\n<!-- HALTUNG MOBILE --><br \/>\r\n<!-- LEFT MAX: +-160px --><br \/>\r\n<!-- TOP MAX: -500px -->\r\n<p><!-- PUNKT 1 --><\/p>\r\n<a href=\"#\" data-cooltipz-size=\"large\" aria-label=\"&quot;Are the sails still set right?&quot;\" data-cooltipz-dir=\"top\"><img decoding=\"async\" src=\"\/wp-content\/uploads\/2022\/11\/punkt.png\" \/><\/a>\r\n<p><!-- PUNKT 2 --><\/p>\r\n<a href=\"#\" data-cooltipz-size=\"large\" aria-label=\"&quot;How can our team regroup, restructure and strengthen focus?&quot;\" data-cooltipz-dir=\"top\"><img decoding=\"async\" src=\"\/wp-content\/uploads\/2022\/11\/punkt.png\" \/><\/a>\r\n<p><!-- PUNKT 3 --><\/p>\r\n<a href=\"#\" data-cooltipz-size=\"large\" aria-label=\"&quot;How do we achieve more effectiveness by implementing a customer-centric strategy?\" data-cooltipz-dir=\"top\"><img decoding=\"async\" src=\"\/wp-content\/uploads\/2022\/11\/punkt.png\" \/><\/a>\r\n<p><!-- PUNKT 4 --><\/p>\r\n<a href=\"#\" data-cooltipz-size=\"large\" aria-label=\"&quot;Do we have the right leadership culture and optimally conditioned leaders for future challenges?&quot;\" data-cooltipz-dir=\"top\"><img decoding=\"async\" src=\"\/wp-content\/uploads\/2022\/11\/punkt.png\" \/><\/a>\r\n<p><!-- PUNKT 5 --><\/p>\r\n<a href=\"#\" data-cooltipz-size=\"large\" aria-label=\"&quot;How do we develop our teams and the organization?\" data-cooltipz-dir=\"top\"><img decoding=\"async\" src=\"\/wp-content\/uploads\/2022\/11\/punkt.png\" \/><\/a>\r\n<p><!-- PUNKT 6 --><\/p>\r\n<a href=\"#\" data-cooltipz-size=\"large\" aria-label=\"&quot;How do we strengthen our capacity for change and agility in dealing with complex challenges and changes?&quot;\" data-cooltipz-dir=\"top\"><img decoding=\"async\" src=\"\/wp-content\/uploads\/2022\/11\/punkt.png\" \/><\/a>\r\n<!-- PUNKT 1 --><br \/>\r\n<!--\r\n<a href=\"#\" data-cooltipz-size=\"large\" aria-label=\"Dass der Wind weht, kann ich nicht \u00e4ndern, aber ich kann helfen, die Segel neu auszurichten.\" data-cooltipz-dir=\"top\"><img decoding=\"async\" src=\"\/wp-content\/uploads\/2022\/11\/punkt.png\" \/><\/a>\r\n-->\r\n\t<h4 class=\"translation-block\">We offer individual support and<br>solutions for strategy development, people, and<br> organizational development in our industry focus <br>of life sciences, pharmaceutical, medical technology,<br> and diagnostics companies.<\/h4>\r\n\t\t\t<a href=\"\/en\/contact\/\" target=\"_self\" role=\"button\" rel=\"noopener\">\r\n\t\t\t\t\t\t\tCO NT TA CT\r\n\t\t\t\t\t<\/a>\r\n\t\t\t<a href=\"\/en\/performance\/\" target=\"_self\" role=\"button\" rel=\"noopener\">\r\n\t\t\t\t\t\t\tPER FOR MA NCE\r\n\t\t\t\t\t<\/a>\r\n\t\t\t<a href=\"\/en\/attitude\/\" target=\"_self\" role=\"button\" rel=\"noopener\">\r\n\t\t\t\t\t\t\tAT TI TU DE\r\n\t\t\t\t\t<\/a>\r\n\t\t\t<a href=\"\/en\/expertise\/\" target=\"_self\" role=\"button\" rel=\"noopener\">\r\n\t\t\t\t\t\t\tEX PER TI SE\r\n\t\t\t\t\t<\/a>\r\n<h3 class=\"translation-block\"><span class=\"fl-heading-text\">\"I AM LOOKING FORWARD\nTO A FIRST\nMEETING.\"<\/span><\/h3>\r\n\tSich pers\u00f6nlich kennenlernen, Bedarf und Kooperationsm\u00f6glichkeiten sondieren und ggf. erste Schritte absprechen.<br \/>\r\nGerne bringen wir dabei schon unsere langj\u00e4hrige Erfahrung aus verschiedenen Projekten und Unternehmen mit ein.\r\n\t\t\t\t<a href=\"\/en\/contact\/\" target=\"_self\" itemprop=\"url\" rel=\"noopener\">\r\n\t\t\t\t<img loading=\"lazy\" decoding=\"async\" src=\"https:\/\/www.vomstein-consulting.de\/wp-content\/uploads\/2023\/02\/more.png\" alt=\"more\" itemprop=\"image\" height=\"68\" width=\"69\" title=\"more\" onerror=\"this.style.display='none'\"  \/>\r\n\t\t\t\t<\/a>\r\n\t<p>\u00a9 2023 VOM STEIN CONSULTING<\/p>\r\n\t<p><a href=\"\/en\/impressum\/\">Imprint<\/a> \u00a0 \u00a0 <a href=\"\/en\/datenschutz\/\">Privacy<\/a><\/p>\r\n\t\t\t\t<img loading=\"lazy\" decoding=\"async\" src=\"https:\/\/www.vomstein-consulting.de\/wp-content\/uploads\/2022\/11\/LOGOANI_CONNY2.gif\" alt=\"LOGOANI_CONNY2\" itemprop=\"image\" height=\"608\" width=\"224\" title=\"LOGOANI_CONNY2\" onerror=\"this.style.display='none'\"  \/>","protected":false},"excerpt":{"rendered":"<p>Wir bieten individuelle Unterst\u00fctzung und L\u00f6sungen f\u00fcr ihre Strategie-,\u00a0Personal-, und Organisationsentwicklung. Unser Schwerpunkt sind Life\u00a0Sciences-, Pharma-, Medizintechnik und Diagnostik Unternehmen. BE GE GN UNG LE IS TU NG EIN STE LLU NG ER FAH RU NG \u201eICH FREUE MICHAUF EINE ERSTEBEGEGNUNG.&#8220; Sich pers\u00f6nlich kennenlernen, Bedarf und Kooperationsm\u00f6glichkeiten sondieren und ggf. erste Schritte absprechen. Gerne bringen [&hellip;]<\/p>","protected":false},"author":1,"featured_media":0,"parent":0,"menu_order":0,"comment_status":"closed","ping_status":"closed","template":"","meta":{"footnotes":""},"class_list":["post-281","page","type-page","status-publish","hentry"],"_links":{"self":[{"href":"https:\/\/www.vomstein-consulting.de\/en\/wp-json\/wp\/v2\/pages\/281","targetHints":{"allow":["GET"]}}],"collection":[{"href":"https:\/\/www.vomstein-consulting.de\/en\/wp-json\/wp\/v2\/pages"}],"about":[{"href":"https:\/\/www.vomstein-consulting.de\/en\/wp-json\/wp\/v2\/types\/page"}],"author":[{"embeddable":true,"href":"https:\/\/www.vomstein-consulting.de\/en\/wp-json\/wp\/v2\/users\/1"}],"replies":[{"embeddable":true,"href":"https:\/\/www.vomstein-consulting.de\/en\/wp-json\/wp\/v2\/comments?post=281"}],"version-history":[{"count":101,"href":"https:\/\/www.vomstein-consulting.de\/en\/wp-json\/wp\/v2\/pages\/281\/revisions"}],"predecessor-version":[{"id":913,"href":"https:\/\/www.vomstein-consulting.de\/en\/wp-json\/wp\/v2\/pages\/281\/revisions\/913"}],"wp:attachment":[{"href":"https:\/\/www.vomstein-consulting.de\/en\/wp-json\/wp\/v2\/media?parent=281"}],"curies":[{"name":"wp","href":"https:\/\/api.w.org\/{rel}","templated":true}]}}