{"id":639,"date":"2023-02-01T19:01:36","date_gmt":"2023-02-01T18:01:36","guid":{"rendered":"https:\/\/jvs.preview.uptoyou.de\/?page_id=639"},"modified":"2023-03-23T10:22:31","modified_gmt":"2023-03-23T09:22:31","slug":"attitude","status":"publish","type":"page","link":"https:\/\/www.vomstein-consulting.de\/en\/attitude\/","title":{"rendered":"Attitude"},"content":{"rendered":"<a href=\"\/en\/\" target=\"_self\" itemprop=\"url\" rel=\"noopener\">\n\t\t\t\t<img decoding=\"async\" src=\"https:\/\/www.vomstein-coaching.de\/wp-content\/uploads\/2022\/11\/Logo.png\" alt=\"Logo\" itemprop=\"image\" title=\"Logo\" onerror=\"this.style.display='none'\"  \/>\n\t\t\t\t<\/a>\n<h3 class=\"translation-block\"><span>\u201cTHINKING IS GOOD, <br>THINKING AHEAD IS BETTER.\u201c<\/span><\/h3>\n\t<p>For us, thinking ahead means setting necessary developments in motion with open reflection, clear goal setting and effective implementation.<\/p>\n<p>To do this, we aim to understand your specific challenges in detail, work with you to define development goals, develop solutions, and support and guide your implementation.<\/p>\n<h2>\n\t\tAREAS OF WORK\n\t<\/h2>\n\t\t\t <p>As-is analysis, definition of goals, concept development and implementation of development measures and programs for the successful management of new complex challenges and change situations for executives, teams and organizations.<\/p>\t\t\n\t\t\t <p>Impulse generator, coach and resource for  moderation and implementation of appropriate development measures and processes.<\/p>\t\t\n\t\t\t <p>Optimization support\nfor central corporate functions such as corporate management, team and department management, medicine, sales and marketing.<\/p>\t\t\n\t\t\t <p>Integrated individual and team coaching processes, field trainings and practical workshops.<\/p>\t\t\n\t<h2>\n\t\tSPECIFIC<br \/>CUSTOMER SOLUTIONS\n\t<\/h2>\n\t\t\t <p>\u201eSind die Segel noch richtig gesetzt?&#8220;<br \/>Status-quo analysis and re-adjustment of goals, strategy options and execution priorities.<\/p>\t\t\n\t\t\t <p>\u201eWie kann sich unser Team neu finden,\u00a0strukturieren und den Fokus st\u00e4rken?&#8220;<\/p>\t\t\n\t\t\t <p>\u201eWie entwickeln wir unsere Teams und die Organisation\u00a0weiter und erzielen mehr Effektivit\u00e4t durch Umsetzung\u00a0einer kundenzentrierten Strategie?&#8220;<\/p>\t\t\n\t\t\t <p>\u201eWie st\u00e4rken wir unsere Ver\u00e4nderungsf\u00e4higkeit und Agilit\u00e4t im\u00a0Umgang mit komplexen Herausforderungen und Ver\u00e4nderungen?&#8220;<\/p>\t\t\n\t\t\t <p>\u201eVerf\u00fcgen wir \u00fcber die richtige F\u00fchrungskultur\u00a0und optimale F\u00fchrungskr\u00e4fte f\u00fcr die Mitarbeiter\u00a0und die zuk\u00fcnftigen Herausforderungen?&#8220;<\/p>\t\t\n\t\t\t\t<a href=\"#tophead\" target=\"_self\" itemprop=\"url\" rel=\"noopener\">\n\t\t\t\t<img loading=\"lazy\" decoding=\"async\" src=\"https:\/\/www.vomstein-consulting.de\/wp-content\/uploads\/2023\/02\/top.png\" alt=\"top\" itemprop=\"image\" height=\"69\" width=\"68\" title=\"top\" onerror=\"this.style.display='none'\"  \/>\n\t\t\t\t<\/a>\n\t<p>\u00a9 2023 VOM STEIN CONSULTING<\/p>\n\t<p><a href=\"\/en\/impressum\/\">Imprint<\/a> \u00a0 \u00a0 <a href=\"\/en\/datenschutz\/\">Privacy<\/a><\/p>","protected":false},"excerpt":{"rendered":"<p>\u201eNACHDENKEN IST GUT, VORDENKEN IST BESSER.&#8220; Vordenken bedeutet f\u00fcr uns mit offener Reflexion, klarer Zielsetzung und effektiver Umsetzung notwendige Entwicklungen in Fahrt zu bringen. Dazu m\u00f6chten wir Ihre spezifische Herausforderungen genau verstehen, gemeinsam mit Ihnen die Entwicklungsziele definieren, L\u00f6sungen erarbeiten und Ihre Umsetzung unterst\u00fctzen und begleiten. ARBEITSBEREICHE Ist-Analyse, Zieldefinition, Konzeptentwicklung und Implementierung von Ma\u00dfnahmen und [&hellip;]<\/p>","protected":false},"author":1,"featured_media":0,"parent":0,"menu_order":0,"comment_status":"closed","ping_status":"closed","template":"","meta":{"footnotes":""},"class_list":["post-639","page","type-page","status-publish","hentry"],"_links":{"self":[{"href":"https:\/\/www.vomstein-consulting.de\/en\/wp-json\/wp\/v2\/pages\/639","targetHints":{"allow":["GET"]}}],"collection":[{"href":"https:\/\/www.vomstein-consulting.de\/en\/wp-json\/wp\/v2\/pages"}],"about":[{"href":"https:\/\/www.vomstein-consulting.de\/en\/wp-json\/wp\/v2\/types\/page"}],"author":[{"embeddable":true,"href":"https:\/\/www.vomstein-consulting.de\/en\/wp-json\/wp\/v2\/users\/1"}],"replies":[{"embeddable":true,"href":"https:\/\/www.vomstein-consulting.de\/en\/wp-json\/wp\/v2\/comments?post=639"}],"version-history":[{"count":35,"href":"https:\/\/www.vomstein-consulting.de\/en\/wp-json\/wp\/v2\/pages\/639\/revisions"}],"predecessor-version":[{"id":916,"href":"https:\/\/www.vomstein-consulting.de\/en\/wp-json\/wp\/v2\/pages\/639\/revisions\/916"}],"wp:attachment":[{"href":"https:\/\/www.vomstein-consulting.de\/en\/wp-json\/wp\/v2\/media?parent=639"}],"curies":[{"name":"wp","href":"https:\/\/api.w.org\/{rel}","templated":true}]}}