{"id":654,"date":"2023-02-03T13:42:02","date_gmt":"2023-02-03T12:42:02","guid":{"rendered":"https:\/\/jvs.preview.uptoyou.de\/?page_id=654"},"modified":"2023-03-21T13:52:28","modified_gmt":"2023-03-21T12:52:28","slug":"expertise","status":"publish","type":"page","link":"https:\/\/www.vomstein-consulting.de\/en\/expertise\/","title":{"rendered":"Expertise"},"content":{"rendered":"<a href=\"\/en\/\" target=\"_self\" itemprop=\"url\" rel=\"noopener\">\n\t\t\t\t<img decoding=\"async\" src=\"https:\/\/www.vomstein-coaching.de\/wp-content\/uploads\/2022\/11\/Logo.png\" alt=\"Logo\" itemprop=\"image\" title=\"Logo\" onerror=\"this.style.display='none'\"  \/>\n\t\t\t\t<\/a>\n\t<p class=\"translation-block\"><span style=\"color: #000000 !important\"><strong>DR. J\u00d6RG VOM STEIN<\/strong><\/span> was born in 1959, is a biologist and holds a PhD in molecular biology. J\u00f6rg vom Stein has over 20 years of leadership and management experience in companies in the life sciences and healthcare industry. Among other things, he was a lecturer and senior associate of the \"Management Center Europe\" in Brussels for more than 15 years and gained extensive business and market experience in diagnostics, clinical and academic research as well as in pharmaceutical, biotechnology and medical technology markets. J\u00f6rg vom Stein founded VOM STEIN Consulting in 2005, initially as a cooperation partner in a network of experts.<\/p>\n<h2>\n\t\tPROJECTS\n\t<\/h2>\n\tTypische Projekte, die wir f\u00fcr unsere Kunden entwickelt, begleitet<br \/>\nthe implementation of for our clients.\n\t\t\t <p>Effective cooperation and strategy implementation between R&amp;D, marketing and sales.<\/p>\t\t\n\t\t\t <p>Effective customer value added based key account management.<\/p>\t\t\n\t\t\t <p>Development, focusing and structuring of a new management team and leadership culture.<\/p>\t\t\n\t\t\t <p>Integrated sustainable marketing and communication planning.<\/p>\t\t\n\t\t\t <p>Market segment &amp; stakeholder analysis\nand sales and marketing strategies derived from it.<\/p>\t\t\n\t\t\t <p>Market segment &amp; stakeholder analysis\nand sales and marketing strategies derived from it.<\/p>\t\t\n\t\t\t <p>Optimization of organizational structure and key business processes.<\/p>\t\t\n\t\t\t <p>Strengthening and introduction\nof uniform management competencies and new management tools.<\/p>\t\t\n\t\t\t <p>Transformation of an R&amp;D focused organization into a commercial enterprise.<\/p>\t\t\n\t\t\t <p>Implementation of a customer-added-value-centered marketing and sales strategy.<\/p>\t\t\n\t\t\t <p>Value-based-Healthcare in der Praxis:\u00a0von &#8222;One-face-to-customer&#8220; to &#8222;Right-face-to-customer&#8220;.<\/p>\t\t\n\t<h2>\n\t\tREFERENCES\n\t<\/h2>\n\t<p><strong>Abbott Molecular Diagnostics<\/strong><\/p>\n<strong>Actelion<\/strong><br \/>\n(a Johnson &amp; Johnson company)\n<p><strong>Agendia<\/strong><\/p>\n<p><strong>Aliaxis<\/strong><\/p>\n<p><strong>Baxter<\/strong><\/p>\n<p><strong>Bayer Schering Pharma<\/strong><\/p>\n<p><strong>Becton Dickingson<\/strong><\/p>\n<p><strong>Boehringer Ingelheim<\/strong><\/p>\n<strong>Celera<\/strong><br \/>\n(a Quest Diagnostics company)\n<strong>Dako<\/strong><br \/>\n(an Agilent company)\n<p><strong>European Bottled Watercooler Association<\/strong><\/p>\n<p><strong>Exact Sciences<\/strong><\/p>\n<p><strong>Ferring Pharmaceuticals<\/strong><\/p>\n<p><strong>Fresenius Medical Care<\/strong><\/p>\n<strong>Genomic Health<\/strong><br \/>\n(an Exact Sciences company)\n<p>&nbsp;<\/p>\n<p>&nbsp;<\/p>\n<p>&nbsp;<\/p>\n<p>&nbsp;<\/p>\n\t<p><strong>Gilson<\/strong><\/p>\n<strong>Janssen Pharmaceutika<\/strong><br \/>\n(now a Johnson &amp; Johnson company)\n<p><strong>Jenovation<\/strong><\/p>\n<p><strong>Mepha<\/strong><\/p>\n<p><strong>Merck-Serono<\/strong><\/p>\n<p><strong>Moderna<\/strong><\/p>\n<p><strong>Molecular Health<\/strong><\/p>\n<p><strong>Mundipharma<\/strong><\/p>\n<p><strong>Pfizer<\/strong><\/p>\n<p><strong>Qiagen<\/strong><\/p>\n<p><strong>Shire \/ Takeda<\/strong><\/p>\n<p><strong>Sirs-Lab<\/strong><\/p>\n<p><strong>St. Jude Medical<\/strong><\/p>\n<p><strong>Stallrgenes<\/strong><\/p>\n<p><strong>Stryker Neurvascular<\/strong><\/p>\n<p><strong>TuTech Innovation<\/strong><\/p>\n<p><strong>&#8230;<\/strong><\/p>\n<p>&nbsp;<\/p>\n<p>&nbsp;<\/p>\n\t\t\t\t<a href=\"#tophead\" target=\"_self\" itemprop=\"url\" rel=\"noopener\">\n\t\t\t\t<img loading=\"lazy\" decoding=\"async\" src=\"https:\/\/www.vomstein-consulting.de\/wp-content\/uploads\/2023\/02\/top.png\" alt=\"top\" itemprop=\"image\" height=\"69\" width=\"68\" title=\"top\" onerror=\"this.style.display='none'\"  \/>\n\t\t\t\t<\/a>\n\t<p>\u00a9 2023 VOM STEIN CONSULTING<\/p>\n\t<p><a href=\"\/en\/impressum\/\">Imprint<\/a> \u00a0 \u00a0 <a href=\"\/en\/datenschutz\/\">Privacy<\/a><\/p>","protected":false},"excerpt":{"rendered":"<p>DR. J\u00d6RG VOM STEIN ist Jahrgang 1959, Biologe und hat einen PhD in Molekularbiologie. J\u00f6rg vom Stein hat \u00fcber 20 Jahre F\u00fchrungs- und Managementerfahrung in Unternehmen der Life Sciences- und HealthCare Industrie. Es war unter anderem \u00fcber 15 Jahre Dozent und Senior Associate des \u201eManagement Center Europe&#8220; in Br\u00fcssel und erwarb umfangreiche Business- und Markterfahrung [&hellip;]<\/p>","protected":false},"author":1,"featured_media":0,"parent":0,"menu_order":0,"comment_status":"closed","ping_status":"closed","template":"","meta":{"footnotes":""},"class_list":["post-654","page","type-page","status-publish","hentry"],"_links":{"self":[{"href":"https:\/\/www.vomstein-consulting.de\/en\/wp-json\/wp\/v2\/pages\/654","targetHints":{"allow":["GET"]}}],"collection":[{"href":"https:\/\/www.vomstein-consulting.de\/en\/wp-json\/wp\/v2\/pages"}],"about":[{"href":"https:\/\/www.vomstein-consulting.de\/en\/wp-json\/wp\/v2\/types\/page"}],"author":[{"embeddable":true,"href":"https:\/\/www.vomstein-consulting.de\/en\/wp-json\/wp\/v2\/users\/1"}],"replies":[{"embeddable":true,"href":"https:\/\/www.vomstein-consulting.de\/en\/wp-json\/wp\/v2\/comments?post=654"}],"version-history":[{"count":42,"href":"https:\/\/www.vomstein-consulting.de\/en\/wp-json\/wp\/v2\/pages\/654\/revisions"}],"predecessor-version":[{"id":902,"href":"https:\/\/www.vomstein-consulting.de\/en\/wp-json\/wp\/v2\/pages\/654\/revisions\/902"}],"wp:attachment":[{"href":"https:\/\/www.vomstein-consulting.de\/en\/wp-json\/wp\/v2\/media?parent=654"}],"curies":[{"name":"wp","href":"https:\/\/api.w.org\/{rel}","templated":true}]}}