{"id":903,"date":"2023-03-21T14:04:12","date_gmt":"2023-03-21T13:04:12","guid":{"rendered":"https:\/\/www.vomstein-consulting.de\/?page_id=903"},"modified":"2025-02-06T17:50:21","modified_gmt":"2025-02-06T16:50:21","slug":"imprint","status":"publish","type":"page","link":"https:\/\/www.vomstein-consulting.de\/en\/imprint\/","title":{"rendered":"Imprint"},"content":{"rendered":"<p><a href=\"\/en\/\" target=\"_self\" rel=\"noopener\"> <img decoding=\"async\" title=\"Logo\" src=\"https:\/\/www.vomstein-coaching.de\/wp-content\/uploads\/2022\/11\/Logo.png\" alt=\"Logo\" \/> <\/a><\/p>\r\n<h2>IMPRINT<\/h2>\r\n<div class=\"avalex-container\" id=\"avalex-printable\" style=\"position: relative;\">                        J\u00f6rg vom Stein<br><br>In der Kuhle 14<br>42929 Wermelskirchen<br><br>Tel.: +49 2196 731500<br>E-Mail: <a href=\"mailto:j@vomstein-consulting.de\">j@vomstein-consulting.de<\/a><br\/><br\/>Die EU-Kommission hat eine Internetplattform zur Online-Beilegung von Streitigkeiten (OS-Plattform) zwischen Unternehmern und Verbrauchern eingerichtet. Die OS-Plattform ist erreichbar unter <a href=\"https:\/\/ec.europa.eu\/consumers\/odr\" target=\"_blank\">https:\/\/ec.europa.eu\/consumers\/odr\/<\/a><br\/><br\/>Wir sind nicht bereit und nicht verpflichtet, an einem Streitbeilegungsverfahren vor einer Verbraucherschlichtungsstelle teilzunehmen.<br\/><br\/><input type=\"hidden\" name=\"avalex-legaltext\" value=\"avalex-impressum-de-mQ39bEfkmj\"><\/div><!-- \/.avalex-container -->\r\n<p><strong>Konzept &amp; Design, Technische Realisierung, Lfd. Betreuung:<\/strong><br \/>UP ADVERTISING GMBH<br \/>Uhlenhorster Weg 5<br \/>22085 Hamburg<br \/>Tel. <a href=\"tel:+49402270270\">+49 40 22 70 27 0<\/a><br \/><a title=\"Opens internal link in current window\" href=\"mailto:info@uptoyou.de\">info@uptoyou.de <\/a><br \/><a title=\"Opens internal link in current window\" href=\"http:\/\/www.upadvertising.com\/\" target=\"_blank\" rel=\"noopener\">www.upadvertising.com<\/a><\/p>\r\n<h2>PRIVACY<\/h2>\r\n<div class=\"avalex-container\" id=\"avalex-printable\" style=\"position: relative;\">                    <div style=\"display: inline-block; word-break:break-all; \">            <h2>                Inhaltsverzeichnis            <\/h2>        <\/div>                    <ul style=\"padding-left: 0 !important; list-style-type: none !important;\">            <li><a href=\"#allgemeines\">I. Allgemeines<\/a><\/li><li><a href=\"#verantwortliche-stelle\">II. Verantwortliche Stelle<\/a><\/li><li><a href=\"#ihre-rechte\">III. Ihre Rechte<\/a><\/li><li><a href=\"#verarbeitung-personenbezogener-daten-bei-informatorischer-nutzung-unserer-webseite\">IV. Verarbeitung personenbezogener Daten bei informatorischer Nutzung unserer Webseite<\/a><\/li><li><a href=\"#verarbeitung-personenbezogener-daten-durch-cookies\">V. Verarbeitung personenbezogener Daten durch Cookies<\/a><\/li><li><a href=\"#weitere-funktionen-und-angebote-unserer-webseite\">VI. Weitere Funktionen und Angebote unserer Webseite<\/a><\/li><li><a href=\"#kontaktaufnahme\">VII. Kontaktaufnahme<\/a><\/li>        <\/ul>        <h2 id=\"allgemeines\">I. Allgemeines<\/h2><p>(1) Nachfolgend informieren wir Sie \u00fcber die Erhebung personenbezogener Daten bei der Nutzung unserer Internetseite.<\/p><p>(2) Der Begriff 'personenbezogene Daten' meint unter Verweis auf die Definition des Art. 4 Nr. 1 der Verordnung (EU) 2016\/679 (nachfolgend bezeichnet als 'Datenschutz-Grundverordnung' bzw. kurz 'DSGVO') alle Daten, die auf Sie pers\u00f6nlich beziehbar sind. Darunter fallen beispielsweise Name, Adresse, E-Mail-Adresse, Nutzerverhalten. Hinsichtlich weiterer Begrifflichkeiten, insbesondere der Begriffe 'Verarbeitung', 'Verantwortlicher', 'Auftragsverarbeiter' und 'Einwilligung', verweisen wir auf die gesetzlichen datenschutzrechtlichen Definitionen des Art. 4 DSGVO.<\/p><p>(3) F\u00fcr Sachverhalte, welche sich in der Schweiz auswirken, auch wenn sie au\u00dferhalb der Schweiz veranlasst werden, gilt auch das Schweizer Bundesgesetz \u00fcber den Datenschutz, nachfolgend bezeichnet als 'DSG'. Wir verwenden hier jedoch durchgehend die Begriffe der DSGVO. Die Begriffe der DSGVO 'Personenbezogene Daten', 'Verarbeitung', 'Auftragsverarbeiter', 'besondere Kategorien von Daten' und Daten\u00fcbertragbarkeit meinen, soweit das DSG greift, auch die im DSG verwendeten Begriffe 'Personendaten', 'Bearbeitung', 'Auftragsbearbeiter', 'Daten\u00fcbertragung' und 'besonders sch\u00fctzenswerte Personendaten' nach dem DSG. Die gesetzliche Bedeutung der Begriffe wird in diesem Fall durch das DSG bestimmt.<\/p><p>(4) Wir verarbeiten personenbezogene Daten grunds\u00e4tzlich nur, soweit dies zur Bereitstellung einer funktionsf\u00e4higen Webseite sowie der von uns angebotenen Inhalte und Leistungen erforderlich ist. Die Verarbeitung personenbezogener Daten erfolgt regelm\u00e4\u00dfig nur dann, wenn Sie uns eine Einwilligung im Sinne des Art. 6 Abs. 1 lit. a) DSGVO erteilt haben oder die Verarbeitung durch gesetzliche Vorschriften, insbesondere durch eine der in Art. 6 Abs. 1 lit. b) bis lit. f) DSGVO genannten Rechtsgrundlagen, gestattet ist.<\/p><p>(5) Ihre personenbezogenen Daten werden gel\u00f6scht oder gesperrt, sobald der Zweck der Speicherung entf\u00e4llt. Eine Speicherung kann dar\u00fcber hinaus dann erfolgen, wenn dies durch nationale oder europ\u00e4ische Vorschriften, denen wir unterliegen, vorgesehen wurde. Eine Sperrung oder L\u00f6schung der Daten erfolgt in diesem Fall dann, wenn die in den jeweiligen Vorschriften vorgeschriebene Speicherfrist abgelaufen ist. Letzteres gilt dann nicht, wenn eine weitere Speicherung der Daten f\u00fcr einen Vertragsabschluss oder eine Vertragserf\u00fcllung erforderlich ist.<\/p><p>(6) Soweit wir f\u00fcr einzelne Funktionen unserer Webseite auf beauftragte Dienstleister zur\u00fcckgreifen oder Ihre Daten f\u00fcr werbliche Zwecke nutzen m\u00f6chten, werden wir Sie nachfolgend im Detail \u00fcber die jeweiligen Vorg\u00e4nge informieren.<\/p><h2 id=\"verantwortliche-stelle\">II. Verantwortliche Stelle<\/h2><p>(1) Verantwortlicher im Sinne des Art. 4 Nr. 7 DSGVO, der sonstigen in den Mitgliedstaaten der Europ\u00e4ischen Union geltenden Datenschutzgesetze und anderer Vorschriften sowie Bestimmungen mit datenschutzrechtlichem Charakter ist:<br\/><br\/>J\u00f6rg vom Stein<br><br>In der Kuhle 14<br>42929 Wermelskirchen<br><br>Tel.: +49 2196 731500<br>E-Mail: <a href=\"mailto:j@vomstein-consulting.de\">j@vomstein-consulting.de<\/a><\/p><p>(2) Weitere Einzelheiten zur verantwortlichen Stelle k\u00f6nnen Sie unserem Impressum entnehmen.<\/p><h2 id=\"ihre-rechte\">III. Ihre Rechte<\/h2><p>(1) Sie haben uns gegen\u00fcber hinsichtlich der Sie betreffenden personenbezogenen Daten die nachfolgenden Rechte:<\/p><ul><li>das Recht auf Auskunft,<\/li><li>das Recht auf Berichtigung und L\u00f6schung,<\/li><li>das Recht auf Einschr\u00e4nkung der Verarbeitung,<\/li><li>das Recht auf Widerspruch gegen die Verarbeitung,<\/li><li>das Recht auf Daten\u00fcbertragbarkeit.<\/li><\/ul><p>(2) Sie haben zus\u00e4tzlich das Recht, sich bei einer Datenschutz-Aufsichtsbeh\u00f6rde \u00fcber die Verarbeitung Ihrer personenbezogenen Daten durch uns zu beschweren.<\/p><p>(3) Im Geltungsbereich des DSG haben Sie zudem das Recht auf:<\/p><ul><li>Datenherausgabe,<\/li><li>Datenvernichtung<\/li><\/ul><h2 id=\"verarbeitung-personenbezogener-daten-bei-informatorischer-nutzung-unserer-webseite\">IV. Verarbeitung personenbezogener Daten bei informatorischer Nutzung unserer Webseite<\/h2><p>(1) Wenn Sie unsere Webseite aufrufen, ohne sich dabei zu registrieren oder uns auf andere Weise Informationen zukommen zu lassen ('Informatorische Nutzung'), erheben wir nur diejenigen personenbezogenen Daten, die Ihr Webbrowser an unseren Server \u00fcbermittelt. Wenn Sie unsere Webseite betrachten m\u00f6chten, erheben wir die folgenden Daten, die f\u00fcr uns technisch erforderlich sind, um Ihnen die Anzeige unserer Webseite zu erm\u00f6glichen und die Stabilit\u00e4t und Sicherheit zu gew\u00e4hrleisten: IP-Adresse, Datum und Uhrzeit der Anfrage, Zeitzonendifferenz zu GMT, Inhalt der Webseite, Zugriffsstatus (HTTP-Status), \u00fcbertragene Datenmenge, Anforderungs-Website, Webbrowser, Betriebssystem, Sprache und Version des Browsers<\/p><p>(2) Die vorgenannten Daten werden ebenfalls in sog. Logfiles auf unseren Servern gespeichert. Eine Speicherung dieser Daten zusammen mit anderen personenbezogenen Daten von Ihnen findet nicht statt. <\/p><p>(3) Die Erhebung und vor\u00fcbergehende Speicherung der IP-Adresse ist notwendig, um die Auslieferung unserer Webseite auf Ihr Endger\u00e4t zu erm\u00f6glichen. Hierf\u00fcr muss Ihre IP-Adresse f\u00fcr die Dauer des Besuchs unserer Webseite gespeichert werden.<\/p><p>(4) Die Speicherung der oben genannten Daten in Logfiles dient der Sicherstellung der Funktionsf\u00e4higkeit und zur Optimierung unserer Webseite sowie zur Sicherstellung der Sicherheit unserer informationstechnischen Systeme.<\/p><p>(5) Eine Auswertung dieser Daten zu Marketingzwecken findet nicht statt.In den vorstehenden Zwecken liegt unser berechtigtes Interesse an der Datenverarbeitung. Rechtsgrundlage f\u00fcr die Erhebung und die vor\u00fcbergehende Speicherung der vorgenannten Daten und der Logfiles ist Art. 6 Abs. 1 S. 1 lit. f) DSGVO.Die vorstehenden Daten zur Bereitstellung unserer Website werden gel\u00f6scht, wenn die jeweilige Sitzung beendet ist. Die Erhebung der vorstehenden Daten zur Bereitstellung unserer Webseite und die Speicherung dieser Daten in Logfiles ist f\u00fcr den Betrieb unserer Website zwingend erforderlich. Es besteht keine Widerspruchsm\u00f6glichkeit.<\/p><h2 id=\"verarbeitung-personenbezogener-daten-durch-cookies\">V. Verarbeitung personenbezogener Daten durch Cookies<\/h2><p>(1) Wir verwenden auf unserer Webseite sog. Cookies. Bei Cookies handelt es sich um kleine Textdateien, die auf dem Speichermedium Ihres Endger\u00e4tes, also beispielsweise auf einer Festplatte, gespeichert werden und durch die uns als Stelle, die den Cookie setzt, bestimmte Informationen zuflie\u00dfen. Cookies k\u00f6nnen keine Programme ausf\u00fchren oder Viren auf Ihr Endger\u00e4t \u00fcbertragen. Diese Webseite verwendet folgende Arten von Cookies, deren Umfang und Funktionsweise nachfolgend erl\u00e4utert werden.<\/p><p>(2) Cookies, die Ihrem Webbrowser zugeh\u00f6rig gespeichert werden:<\/p><ul><li>Transiente Cookies: Diese Cookies werden automatisiert gel\u00f6scht, wenn Sie Ihren Webbrowser schlie\u00dfen. Dazu z\u00e4hlen insbesondere Session-Cookies. Diese speichern eine sog. Session-ID, anhand der sich verschiedene Anfragen Ihres Webbrowsers der gemeinsamen Sitzung zuordnen lassen. Dies erm\u00f6glicht eine Wiedererkennung Ihres Endger\u00e4ts, wenn Sie auf unsere Website zur\u00fcckkehren. Session-Cookies werden gel\u00f6scht, sobald Sie sich ausloggen oder den Webbrowser schlie\u00dfen. <\/li><\/ul><ul><li>Persistente Cookies: Diese Cookies werden automatisiert nach einer vorgegebenen Dauer gel\u00f6scht, die sich je nach Cookie unterscheiden kann. Diese Cookies k\u00f6nnen Sie in den Einstellungen Ihres Webbrowsers jederzeit l\u00f6schen. <\/li><\/ul><p>(3) Die Verarbeitung personenbezogener Daten durch die vorstehenden Cookies dient dazu, das Angebot unserer Webseite insgesamt f\u00fcr Sie nutzerfreundlicher und effektiver zu machen. Einige Funktionen unserer Webseite k\u00f6nnen ohne den Einsatz dieser Cookies nicht angeboten werden. Insbesondere erfordern einige Funktionen unserer Webseite es, dass Ihr Webbrowser auch noch nach einem Seitenwechsel identifiziert werden kann. Soweit Sie \u00fcber einen Account verf\u00fcgen, setzen wir die Cookies ein, um Sie f\u00fcr Folgebesuche identifizieren zu k\u00f6nnen. Dadurch wird vermieden, dass Sie sich bei jedem Besuch unserer Webseite erneut einloggen m\u00fcssen. Diejenigen Daten, die durch Cookies verarbeitet werden, die f\u00fcr die Bereitstellung der Funktionen unserer Webseite erforderlich sind, werden nicht zur Erstellung von Nutzerprofilen verwendet. Soweit Cookies zu Analysezwecken eingesetzt werden, dienen diese dazu, die Qualit\u00e4t und Nutzerfreundlichkeit unserer Webseite, ihrer Inhalte und Funktionen zu verbessern. Sie erm\u00f6glichen uns, nachzuvollziehen, wie die Webseite, welche Funktionen und wie oft diese genutzt werden. Dies erm\u00f6glicht uns, unser Angebot fortlaufend zu optimieren.<\/p><p>(4) Soweit Cookies nicht technisch zwingend erforderlich sind, setzen wir diese nur mit Ihrer zuvor erkl\u00e4rten Einwilligung, die Sie zudem jederzeit widerrufen k\u00f6nnen. Rechtsgrundlage ist Art. 6 Abs. 1 lit. a) DSGVO.<\/p><p>(5) Die vorstehenden Cookies werden auf Ihrem Endger\u00e4t gespeichert und von diesem an unseren Server \u00fcbermittelt. Sie k\u00f6nnen daher die Verarbeitung der Daten und Informationen durch Cookies selbst konfigurieren. Sie k\u00f6nnen in den Einstellungen Ihres Webbrowsers entsprechende Konfigurationen vornehmen, durch die Sie beispielsweise Third-Party-Cookies oder Cookies insgesamt ablehnen k\u00f6nnen. In diesem Zusammenhang m\u00f6chten wir Sie darauf hinweisen, dass Sie dann eventuell nicht alle Funktionen unserer Webseite ordnungsgem\u00e4\u00df nutzen k\u00f6nnen. Dar\u00fcber hinaus empfehlen wir eine regelm\u00e4\u00dfige manuelle L\u00f6schung von Cookies sowie Ihres Browser-Verlaufs.<\/p><h2 id=\"weitere-funktionen-und-angebote-unserer-webseite\">VI. Weitere Funktionen und Angebote unserer Webseite<\/h2><p>(1) Neben der vorbeschriebenen informatorischen Nutzung unserer Webseite bieten wir verschiedene Leistungen an, die Sie bei Interesse nutzen k\u00f6nnen. Hierf\u00fcr ist in der Regel die Angabe weiterer personenbezogener Daten notwendig. Diese Daten ben\u00f6tigen wir zur Erbringung der jeweiligen Leistung. Es gelten hierf\u00fcr die vorstehenden Grunds\u00e4tze zur Datenverarbeitung.<\/p><p>(2) Zum Teil greifen wir zur Verarbeitung dieser Daten auf externe Dienstleister zur\u00fcck, die von uns sorgf\u00e4ltig ausgew\u00e4hlt und beauftragt wurden. Diese Dienstleister sind an unsere Weisungen gebunden und werden regelm\u00e4\u00dfig von uns kontrolliert. Soweit personenbezogene Daten im Zuge von Leistungen, die wir gemeinsam mit Partnern anbieten, an Dritte weitergegeben werden, k\u00f6nnen Sie n\u00e4here Informationen den nachfolgenden Beschreibungen der einzelnen Leistungen entnehmen. Soweit diese Dritten ihren Sitz in einem Staat au\u00dferhalb des Europ\u00e4ischen Wirtschaftsraumes haben, k\u00f6nnen Sie n\u00e4here Informationen \u00fcber die Folgen dieses Umstands in den nachfolgenden Beschreibungen der einzelnen Leistungen entnehmen.<\/p><h2 id=\"kontaktaufnahme\">VII. Kontaktaufnahme<\/h2><p>(1) Wenn Sie mit uns per E-Mail Kontakt aufnehmen, werden die von Ihnen an uns mit Ihrer E-Mail \u00fcbermittelten personenbezogenen Daten gespeichert.<\/p><p>(2) Die Daten werden ausschlie\u00dflich zur Beantwortung Ihrer Fragen verwendet. Soweit dies nicht explizit in dieser Datenschutzerkl\u00e4rung angegeben ist, erfolgt keine Weitergabe der Daten an Dritte. Zus\u00e4tzlich erfassen wir Ihre IP-Adresse und den Zeitpunkt der Absendung.<\/p><p>(3) Die Verarbeitung der vorstehenden personenbezogenen Daten dient allein zur Bearbeitung Ihrer Anfragen. <\/p><p>(4) Hierin liegt auch unser berechtigtes Interesse an der Verarbeitung Ihrer personenbezogenen Daten. Soweit Sie uns hierf\u00fcr eine Einwilligung erteilt haben, ist Rechtsgrundlage f\u00fcr die Verarbeitung dieser Daten Art. 6 Abs. 1 lit. a) DSGVO. Im \u00dcbrigen ist Rechtsgrundlage f\u00fcr die Verarbeitung dieser Daten Art. 6 Abs. 1 lit. f) DSGVO, insbesondere f\u00fcr den Fall, dass uns die Daten von Ihnen durch \u00dcbersendung einer E-Mail \u00fcbermittelt werden. Soweit Sie durch Ihre E-Mail auf den Abschluss eines Vertrages hinwirken wollen, stellt Art. 6 Abs. 1 lit. b) DSGVO eine zus\u00e4tzliche Rechtsgrundlage dar.<\/p><p>(5) Die Daten werden vorbehaltlich gesetzlicher Aufbewahrungsfristen gel\u00f6scht, sobald wir Ihre Anfrage abschlie\u00dfend bearbeitet haben. Bei einer Kontaktaufnahme per E-Mail k\u00f6nnen Sie der Speicherung Ihrer personenbezogenen Daten jederzeit widersprechen. Wir weisen Sie darauf hin, dass in diesem Fall Ihre Anfrage nicht weiterbearbeitet werden kann. Den Widerruf oder den Widerspruch k\u00f6nnen Sie durch \u00dcbersendung einer E-Mail an unsere im Impressum angegebene E-Mail-Adresse erkl\u00e4ren. <\/p><input type=\"hidden\" name=\"avalex-legaltext\" value=\"avalex-datenschutzerklaerung-de-qdt84fjpe5\"><\/div><!-- \/.avalex-container -->\r\n<p>\u00a9 2023 VOM STEIN CONSULTING<\/p>\r\n<p><a href=\"\/en\/imprint\/\">Imprint<\/a> \u00a0 \u00a0 <a href=\"\/en\/imprint\/\">Privacy<\/a><\/p>","protected":false},"excerpt":{"rendered":"<p>IMPRESSUM Konzept &amp; Design, Technische Realisierung, Lfd. Betreuung:UP ADVERTISING GMBHUhlenhorster Weg 522085 HamburgTel. +49 40 22 70 27 0info@uptoyou.de www.upadvertising.com DATENSCHUTZ \u00a9 2023 VOM STEIN CONSULTING Impressum \u00a0 \u00a0 Datenschutz<\/p>","protected":false},"author":1,"featured_media":0,"parent":0,"menu_order":0,"comment_status":"closed","ping_status":"closed","template":"","meta":{"footnotes":""},"class_list":["post-903","page","type-page","status-publish","hentry"],"_links":{"self":[{"href":"https:\/\/www.vomstein-consulting.de\/en\/wp-json\/wp\/v2\/pages\/903","targetHints":{"allow":["GET"]}}],"collection":[{"href":"https:\/\/www.vomstein-consulting.de\/en\/wp-json\/wp\/v2\/pages"}],"about":[{"href":"https:\/\/www.vomstein-consulting.de\/en\/wp-json\/wp\/v2\/types\/page"}],"author":[{"embeddable":true,"href":"https:\/\/www.vomstein-consulting.de\/en\/wp-json\/wp\/v2\/users\/1"}],"replies":[{"embeddable":true,"href":"https:\/\/www.vomstein-consulting.de\/en\/wp-json\/wp\/v2\/comments?post=903"}],"version-history":[{"count":11,"href":"https:\/\/www.vomstein-consulting.de\/en\/wp-json\/wp\/v2\/pages\/903\/revisions"}],"predecessor-version":[{"id":930,"href":"https:\/\/www.vomstein-consulting.de\/en\/wp-json\/wp\/v2\/pages\/903\/revisions\/930"}],"wp:attachment":[{"href":"https:\/\/www.vomstein-consulting.de\/en\/wp-json\/wp\/v2\/media?parent=903"}],"curies":[{"name":"wp","href":"https:\/\/api.w.org\/{rel}","templated":true}]}}